{"id":5,"date":"2025-04-03T22:11:12","date_gmt":"2025-04-03T20:11:12","guid":{"rendered":"http:\/\/cincinnatus.ovh\/index.php\/colibri-wp\/"},"modified":"2025-04-04T22:55:46","modified_gmt":"2025-04-04T20:55:46","slug":"colibri-wp","status":"publish","type":"page","link":"https:\/\/cincinnatus.ovh\/","title":{"rendered":"Cincinnatus"},"content":{"rendered":"\n<div class=\"wp-block-columns is-layout-flex wp-container-core-columns-is-layout-9d6595d7 wp-block-columns-is-layout-flex\">\n<div class=\"wp-block-column is-layout-flow wp-block-column-is-layout-flow\" style=\"flex-basis:33.33%\">\n<figure class=\"wp-block-image size-full\"><img loading=\"lazy\" decoding=\"async\" width=\"428\" height=\"599\" src=\"http:\/\/cincinnatus.ovh\/wp-content\/uploads\/2025\/04\/Photo174842o.jpg\" alt=\"\" class=\"wp-image-77\" srcset=\"https:\/\/cincinnatus.ovh\/wp-content\/uploads\/2025\/04\/Photo174842o.jpg 428w, https:\/\/cincinnatus.ovh\/wp-content\/uploads\/2025\/04\/Photo174842o-214x300.jpg 214w\" sizes=\"auto, (max-width: 428px) 100vw, 428px\" \/><figcaption class=\"wp-element-caption\">Lucius Quinctius Cincinnatus<\/figcaption><\/figure>\n<\/div>\n\n\n\n<div class=\"wp-block-column is-layout-flow wp-block-column-is-layout-flow\" style=\"flex-basis:66.66%\">\n<p>Lucius Quinctius Cincinnatus \u00e9tait un g\u00e9n\u00e9ral et homme politique romain du Ve si\u00e8cle av. J.-C. Il est c\u00e9l\u00e8bre pour avoir \u00e9t\u00e9 consul en 460 av. J.-C. et dictateur \u00e0 deux reprises, en 458 et en 439 av. J.-C..<\/p>\n\n\n\n<p>Cincinnatus est souvent pr\u00e9sent\u00e9 comme un mod\u00e8le de vertu et d&#8217;humilit\u00e9. Selon la tradition, il menait une vie simple de fermier avant d&#8217;\u00eatre appel\u00e9 \u00e0 diriger Rome en temps de crise. Lors de sa premi\u00e8re dictature, il aurait quitt\u00e9 sa charrue pour prendre les pleins pouvoirs et sauver Rome d&#8217;une invasion, avant de renoncer volontairement \u00e0 son autorit\u00e9 une fois la menace \u00e9cart\u00e9e.<\/p>\n\n\n\n<p>Son histoire est devenue un symbole du citoyen romain id\u00e9al, mettant l&#8217;int\u00e9r\u00eat de la R\u00e9publique au-dessus de ses ambitions personnelles<\/p>\n<\/div>\n<\/div>\n\n\n\n<p><\/p>\n","protected":false},"excerpt":{"rendered":"<p>Lucius Quinctius Cincinnatus \u00e9tait un g\u00e9n\u00e9ral et homme politique romain du Ve si\u00e8cle av. J.-C. Il est c\u00e9l\u00e8bre pour avoir \u00e9t\u00e9 consul en 460 av. J.-C. et dictateur \u00e0 deux reprises, en 458 et en 439 av. J.-C.. Cincinnatus est souvent pr\u00e9sent\u00e9 comme un mod\u00e8le de vertu et d&#8217;humilit\u00e9. Selon la tradition, il menait une [&hellip;]<\/p>\n","protected":false},"author":1,"featured_media":0,"parent":0,"menu_order":0,"comment_status":"closed","ping_status":"closed","template":"","meta":{"footnotes":""},"class_list":["post-5","page","type-page","status-publish","hentry","post"],"_links":{"self":[{"href":"https:\/\/cincinnatus.ovh\/index.php\/wp-json\/wp\/v2\/pages\/5","targetHints":{"allow":["GET"]}}],"collection":[{"href":"https:\/\/cincinnatus.ovh\/index.php\/wp-json\/wp\/v2\/pages"}],"about":[{"href":"https:\/\/cincinnatus.ovh\/index.php\/wp-json\/wp\/v2\/types\/page"}],"author":[{"embeddable":true,"href":"https:\/\/cincinnatus.ovh\/index.php\/wp-json\/wp\/v2\/users\/1"}],"replies":[{"embeddable":true,"href":"https:\/\/cincinnatus.ovh\/index.php\/wp-json\/wp\/v2\/comments?post=5"}],"version-history":[{"count":3,"href":"https:\/\/cincinnatus.ovh\/index.php\/wp-json\/wp\/v2\/pages\/5\/revisions"}],"predecessor-version":[{"id":129,"href":"https:\/\/cincinnatus.ovh\/index.php\/wp-json\/wp\/v2\/pages\/5\/revisions\/129"}],"wp:attachment":[{"href":"https:\/\/cincinnatus.ovh\/index.php\/wp-json\/wp\/v2\/media?parent=5"}],"curies":[{"name":"wp","href":"https:\/\/api.w.org\/{rel}","templated":true}]}}